{"id":15,"date":"2024-11-26T18:23:38","date_gmt":"2024-11-26T18:23:38","guid":{"rendered":"https:\/\/aldoizaguirre.com\/?page_id=15"},"modified":"2025-01-22T20:08:43","modified_gmt":"2025-01-22T20:08:43","slug":"contacto","status":"publish","type":"page","link":"https:\/\/aldoizaguirre.com\/en\/contacto\/","title":{"rendered":"CONTACT US"},"content":{"rendered":"<div data-elementor-type=\"wp-page\" data-elementor-id=\"15\" class=\"elementor elementor-15\">\n\t\t\t\t<div class=\"elementor-element elementor-element-87d8391 banners e-flex e-con-boxed e-con e-parent\" data-id=\"87d8391\" data-element_type=\"container\" data-settings=\"{&quot;background_background&quot;:&quot;classic&quot;}\">\n\t\t\t\t\t<div class=\"e-con-inner\">\n\t\t<div class=\"elementor-element elementor-element-71324e7e e-con-full e-flex e-con e-child\" data-id=\"71324e7e\" data-element_type=\"container\">\n\t\t\t\t<div class=\"elementor-element elementor-element-9e8c8 elementor-widget elementor-widget-heading\" data-id=\"9e8c8\" data-element_type=\"widget\" data-widget_type=\"heading.default\">\n\t\t\t\t<div class=\"elementor-widget-container\">\n\t\t\t<h2 class=\"elementor-heading-title elementor-size-default\">CONTACT US<\/h2>\t\t<\/div>\n\t\t\t\t<\/div>\n\t\t\t\t<div class=\"elementor-element elementor-element-941f04c elementor-widget elementor-widget-heading\" data-id=\"941f04c\" data-element_type=\"widget\" data-widget_type=\"heading.default\">\n\t\t\t\t<div class=\"elementor-widget-container\">\n\t\t\t<h2 class=\"elementor-heading-title elementor-size-default\">Specialized Care Within Your Reach<\/h2>\t\t<\/div>\n\t\t\t\t<\/div>\n\t\t\t\t<\/div>\n\t\t<div class=\"elementor-element elementor-element-1d598b03 e-con-full e-flex e-con e-child\" data-id=\"1d598b03\" data-element_type=\"container\">\n\t\t\t\t<\/div>\n\t\t\t\t\t<\/div>\n\t\t\t\t<\/div>\n\t\t<div class=\"elementor-element elementor-element-7f5b7dd e-flex e-con-boxed e-con e-parent\" data-id=\"7f5b7dd\" data-element_type=\"container\">\n\t\t\t\t\t<div class=\"e-con-inner\">\n\t\t\t\t<div class=\"elementor-element elementor-element-0be1f0b elementor-widget elementor-widget-text-editor\" data-id=\"0be1f0b\" data-element_type=\"widget\" data-widget_type=\"text-editor.default\">\n\t\t\t\t<div class=\"elementor-widget-container\">\n\t\t\t\t\t\t\t<p><strong>We are here to answer your questions and provide you with the support you need.<\/strong><\/p><p>Whether you need to schedule an appointment, request information about treatments, or learn more about our services, our team is ready to help you. Contact us and take the first step toward an effective recovery and a life without limitations.<\/p>\t\t\t\t\t\t<\/div>\n\t\t\t\t<\/div>\n\t\t\t\t\t<\/div>\n\t\t\t\t<\/div>\n\t\t<div class=\"elementor-element elementor-element-b5212d1 e-flex e-con-boxed e-con e-parent\" data-id=\"b5212d1\" data-element_type=\"container\" data-settings=\"{&quot;background_background&quot;:&quot;classic&quot;}\">\n\t\t\t\t\t<div class=\"e-con-inner\">\n\t\t<div class=\"elementor-element elementor-element-b06285a e-con-full e-flex e-con e-child\" data-id=\"b06285a\" data-element_type=\"container\">\n\t\t\t\t<div class=\"elementor-element elementor-element-8c1fe95 elementor-widget elementor-widget-wpforms\" data-id=\"8c1fe95\" data-element_type=\"widget\" data-widget_type=\"wpforms.default\">\n\t\t\t\t<div class=\"elementor-widget-container\">\n\t\t\t<style id=\"wpforms-css-vars-root\">\n\t\t\t\t:root {\n\t\t\t\t\t--wpforms-field-border-radius: 3px;\n--wpforms-field-border-style: solid;\n--wpforms-field-border-size: 1px;\n--wpforms-field-background-color: #ffffff;\n--wpforms-field-border-color: rgba( 0, 0, 0, 0.25 );\n--wpforms-field-border-color-spare: rgba( 0, 0, 0, 0.25 );\n--wpforms-field-text-color: rgba( 0, 0, 0, 0.7 );\n--wpforms-field-menu-color: #ffffff;\n--wpforms-label-color: rgba( 0, 0, 0, 0.85 );\n--wpforms-label-sublabel-color: rgba( 0, 0, 0, 0.55 );\n--wpforms-label-error-color: #d63637;\n--wpforms-button-border-radius: 3px;\n--wpforms-button-border-style: none;\n--wpforms-button-border-size: 1px;\n--wpforms-button-background-color: #066aab;\n--wpforms-button-border-color: #066aab;\n--wpforms-button-text-color: #ffffff;\n--wpforms-page-break-color: #066aab;\n--wpforms-background-image: none;\n--wpforms-background-position: center center;\n--wpforms-background-repeat: no-repeat;\n--wpforms-background-size: cover;\n--wpforms-background-width: 100px;\n--wpforms-background-height: 100px;\n--wpforms-background-color: rgba( 0, 0, 0, 0 );\n--wpforms-background-url: none;\n--wpforms-container-padding: 0px;\n--wpforms-container-border-style: none;\n--wpforms-container-border-width: 1px;\n--wpforms-container-border-color: #000000;\n--wpforms-container-border-radius: 3px;\n--wpforms-field-size-input-height: 43px;\n--wpforms-field-size-input-spacing: 15px;\n--wpforms-field-size-font-size: 16px;\n--wpforms-field-size-line-height: 19px;\n--wpforms-field-size-padding-h: 14px;\n--wpforms-field-size-checkbox-size: 16px;\n--wpforms-field-size-sublabel-spacing: 5px;\n--wpforms-field-size-icon-size: 1;\n--wpforms-label-size-font-size: 16px;\n--wpforms-label-size-line-height: 19px;\n--wpforms-label-size-sublabel-font-size: 14px;\n--wpforms-label-size-sublabel-line-height: 17px;\n--wpforms-button-size-font-size: 17px;\n--wpforms-button-size-height: 41px;\n--wpforms-button-size-padding-h: 15px;\n--wpforms-button-size-margin-top: 10px;\n--wpforms-container-shadow-size-box-shadow: none;\n\n\t\t\t\t}\n\t\t\t<\/style><style id=\"wpforms-css-vars-elementor-widget-8c1fe95\">\n\t\t\t\t.elementor-widget-wpforms.elementor-element-8c1fe95 {\n\t\t\t\t\t--wpforms-field-size-input-height: 43px;\n--wpforms-field-size-input-spacing: 15px;\n--wpforms-field-size-font-size: 16px;\n--wpforms-field-size-line-height: 19px;\n--wpforms-field-size-padding-h: 14px;\n--wpforms-field-size-checkbox-size: 16px;\n--wpforms-field-size-sublabel-spacing: 5px;\n--wpforms-field-size-icon-size: 1;\n--wpforms-label-size-font-size: 16px;\n--wpforms-label-size-line-height: 19px;\n--wpforms-label-size-sublabel-font-size: 14px;\n--wpforms-label-size-sublabel-line-height: 17px;\n--wpforms-button-size-font-size: 17px;\n--wpforms-button-size-height: 41px;\n--wpforms-button-size-padding-h: 15px;\n--wpforms-button-size-margin-top: 10px;\n\n\t\t\t\t}\n\t\t\t<\/style><div class=\"wpforms-container wpforms-container-full wpforms-render-modern\" id=\"wpforms-80\"><form id=\"wpforms-form-80\" class=\"wpforms-validate wpforms-form wpforms-ajax-form\" data-formid=\"80\" method=\"post\" enctype=\"multipart\/form-data\" action=\"\/en\/wp-json\/wp\/v2\/pages\/15\" data-token=\"50c03fb8e21c31c6ac2a914962c758a8\" data-token-time=\"1778699769\" data-trp-original-action=\"\/en\/wp-json\/wp\/v2\/pages\/15\"><noscript class=\"wpforms-error-noscript\">Please enable JavaScript in your browser to complete this form.<\/noscript><div class=\"wpforms-hidden\" id=\"wpforms-error-noscript\">Please enable JavaScript in your browser to complete this form.<\/div><div class=\"wpforms-field-container\"><div id=\"wpforms-80-field_1-container\" class=\"wpforms-field wpforms-field-name\" data-field-id=\"1\"><label class=\"wpforms-field-label wpforms-label-hide\" for=\"wpforms-80-field_1\" aria-hidden=\"false\">Nombre <span class=\"wpforms-required-label\" aria-hidden=\"true\">*<\/span><\/label><input type=\"text\" id=\"wpforms-80-field_1\" class=\"wpforms-field-large wpforms-field-required\" name=\"wpforms[fields][1]\" placeholder=\"Full name\" aria-errormessage=\"wpforms-80-field_1-error\" required><\/div><div id=\"wpforms-80-field_2-container\" class=\"wpforms-field wpforms-field-email\" data-field-id=\"2\"><label class=\"wpforms-field-label wpforms-label-hide\" for=\"wpforms-80-field_2\" aria-hidden=\"false\">Correo electr\u00f3nico <span class=\"wpforms-required-label\" aria-hidden=\"true\">*<\/span><\/label><input type=\"email\" id=\"wpforms-80-field_2\" class=\"wpforms-field-large wpforms-field-required\" name=\"wpforms[fields][2]\" placeholder=\"Email\" spellcheck=\"false\" aria-errormessage=\"wpforms-80-field_2-error\" required><\/div><div id=\"wpforms-80-field_4-container\" class=\"wpforms-field wpforms-field-text\" data-field-id=\"4\"><label class=\"wpforms-field-label wpforms-label-hide\" for=\"wpforms-80-field_4\" aria-hidden=\"false\">Phone<\/label><input type=\"text\" id=\"wpforms-80-field_4\" class=\"wpforms-field-large\" name=\"wpforms[fields][4]\" placeholder=\"Phone\" aria-errormessage=\"wpforms-80-field_4-error\" ><\/div><div id=\"wpforms-80-field_3-container\" class=\"wpforms-field wpforms-field-textarea\" data-field-id=\"3\"><label class=\"wpforms-field-label wpforms-label-hide\" for=\"wpforms-80-field_3\" aria-hidden=\"false\">Comentario o mensaje<\/label><textarea id=\"wpforms-80-field_3\" class=\"wpforms-field-large\" name=\"wpforms[fields][3]\" placeholder=\"Comments\" aria-errormessage=\"wpforms-80-field_3-error\" ><\/textarea><\/div><\/div><!-- .wpforms-field-container --><div class=\"wpforms-submit-container\" ><input type=\"hidden\" name=\"wpforms[id]\" value=\"80\"><input type=\"hidden\" name=\"page_title\" value=\"\"><input type=\"hidden\" name=\"page_url\" value=\"https:\/\/aldoizaguirre.com\/en\/wp-json\/wp\/v2\/pages\/15\"><button type=\"submit\" name=\"wpforms[submit]\" id=\"wpforms-submit-80\" class=\"wpforms-submit\" data-alt-text=\"Enviando...\" data-submit-text=\"Enviar\" aria-live=\"assertive\" value=\"wpforms-submit\">Send<\/button><img decoding=\"async\" src=\"https:\/\/aldoizaguirre.com\/wp-content\/plugins\/wpforms-lite\/assets\/images\/submit-spin.svg\" class=\"wpforms-submit-spinner\" style=\"display: none;\" width=\"26\" height=\"26\" alt=\"Loading\"><\/div><input type=\"hidden\" name=\"trp-form-language\" value=\"en\"\/><\/form><\/div>  <!-- .wpforms-container -->\t\t<\/div>\n\t\t\t\t<\/div>\n\t\t\t\t<\/div>\n\t\t<div class=\"elementor-element elementor-element-7cf406f e-con-full e-flex e-con e-child\" data-id=\"7cf406f\" data-element_type=\"container\">\n\t\t\t\t<div class=\"elementor-element elementor-element-cdbcc16 elementor-view-default elementor-widget elementor-widget-icon\" data-id=\"cdbcc16\" data-element_type=\"widget\" data-widget_type=\"icon.default\">\n\t\t\t\t<div class=\"elementor-widget-container\">\n\t\t\t\t\t<div class=\"elementor-icon-wrapper\">\n\t\t\t<div class=\"elementor-icon\">\n\t\t\t<svg aria-hidden=\"true\" class=\"e-font-icon-svg e-fas-map-marker-alt\" viewbox=\"0 0 384 512\" xmlns=\"http:\/\/www.w3.org\/2000\/svg\"><path d=\"M172.268 501.67C26.97 291.031 0 269.413 0 192 0 85.961 85.961 0 192 0s192 85.961 192 192c0 77.413-26.97 99.031-172.268 309.67-9.535 13.774-29.93 13.773-39.464 0zM192 272c44.183 0 80-35.817 80-80s-35.817-80-80-80-80 35.817-80 80 35.817 80 80 80z\"><\/path><\/svg>\t\t\t<\/div>\n\t\t<\/div>\n\t\t\t\t<\/div>\n\t\t\t\t<\/div>\n\t\t\t\t<div class=\"elementor-element elementor-element-c7f4071 elementor-widget elementor-widget-heading\" data-id=\"c7f4071\" data-element_type=\"widget\" data-widget_type=\"heading.default\">\n\t\t\t\t<div class=\"elementor-widget-container\">\n\t\t\t<h3 class=\"elementor-heading-title elementor-size-default\">Find Us At:<\/h3>\t\t<\/div>\n\t\t\t\t<\/div>\n\t\t\t\t<div class=\"elementor-element elementor-element-94e1102 elementor-widget elementor-widget-text-editor\" data-id=\"94e1102\" data-element_type=\"widget\" data-widget_type=\"text-editor.default\">\n\t\t\t\t<div class=\"elementor-widget-container\">\n\t\t\t\t\t\t\t<p><strong>M\u00c9DICA UNIVERSIDAD<\/strong><br \/>Priv. Universidad #102, Col. Hospital Regional,<br \/>C.P. 89109, Tampico, Tam.<br \/>833 213 2509<\/p><p><strong>BENE CONSULTA<\/strong><br \/>Av. Miguel Hidalgo #3909, Col. Guadalupe,<br \/>C.P. 89120, Tampico, Tam.<br \/>833 241 2391<\/p>\t\t\t\t\t\t<\/div>\n\t\t\t\t<\/div>\n\t\t\t\t<div class=\"elementor-element elementor-element-14bea4a elementor-align-center elementor-widget elementor-widget-button\" data-id=\"14bea4a\" data-element_type=\"widget\" data-widget_type=\"button.default\">\n\t\t\t\t<div class=\"elementor-widget-container\">\n\t\t\t\t\t\t\t<div class=\"elementor-button-wrapper\">\n\t\t\t\t\t<a class=\"elementor-button elementor-button-link elementor-size-sm\" href=\"https:\/\/wa.me\/+528331032084\" target=\"_blank\">\n\t\t\t\t\t\t<span class=\"elementor-button-content-wrapper\">\n\t\t\t\t\t\t<span class=\"elementor-button-icon\">\n\t\t\t\t<svg aria-hidden=\"true\" class=\"e-font-icon-svg e-fab-whatsapp\" viewbox=\"0 0 448 512\" xmlns=\"http:\/\/www.w3.org\/2000\/svg\"><path d=\"M380.9 97.1C339 55.1 283.2 32 223.9 32c-122.4 0-222 99.6-222 222 0 39.1 10.2 77.3 29.6 111L0 480l117.7-30.9c32.4 17.7 68.9 27 106.1 27h.1c122.3 0 224.1-99.6 224.1-222 0-59.3-25.2-115-67.1-157zm-157 341.6c-33.2 0-65.7-8.9-94-25.7l-6.7-4-69.8 18.3L72 359.2l-4.4-7c-18.5-29.4-28.2-63.3-28.2-98.2 0-101.7 82.8-184.5 184.6-184.5 49.3 0 95.6 19.2 130.4 54.1 34.8 34.9 56.2 81.2 56.1 130.5 0 101.8-84.9 184.6-186.6 184.6zm101.2-138.2c-5.5-2.8-32.8-16.2-37.9-18-5.1-1.9-8.8-2.8-12.5 2.8-3.7 5.6-14.3 18-17.6 21.8-3.2 3.7-6.5 4.2-12 1.4-32.6-16.3-54-29.1-75.5-66-5.7-9.8 5.7-9.1 16.3-30.3 1.8-3.7.9-6.9-.5-9.7-1.4-2.8-12.5-30.1-17.1-41.2-4.5-10.8-9.1-9.3-12.5-9.5-3.2-.2-6.9-.2-10.6-.2-3.7 0-9.7 1.4-14.8 6.9-5.1 5.6-19.4 19-19.4 46.3 0 27.3 19.9 53.7 22.6 57.4 2.8 3.7 39.1 59.7 94.8 83.8 35.2 15.2 49 16.5 66.6 13.9 10.7-1.6 32.8-13.4 37.4-26.4 4.6-13 4.6-24.1 3.2-26.4-1.3-2.5-5-3.9-10.5-6.6z\"><\/path><\/svg>\t\t\t<\/span>\n\t\t\t\t\t\t\t\t\t<span class=\"elementor-button-text\">Whatsapp<\/span>\n\t\t\t\t\t<\/span>\n\t\t\t\t\t<\/a>\n\t\t\t\t<\/div>\n\t\t\t\t\t\t<\/div>\n\t\t\t\t<\/div>\n\t\t\t\t<\/div>\n\t\t\t\t\t<\/div>\n\t\t\t\t<\/div>\n\t\t<div class=\"elementor-element elementor-element-9e951ab e-flex e-con-boxed e-con e-parent\" data-id=\"9e951ab\" data-element_type=\"container\" data-settings=\"{&quot;background_background&quot;:&quot;classic&quot;}\">\n\t\t\t\t\t<div class=\"e-con-inner\">\n\t\t\t\t<div class=\"elementor-element elementor-element-51e471c elementor-widget__width-inherit elementor-widget elementor-widget-html\" data-id=\"51e471c\" data-element_type=\"widget\" data-widget_type=\"html.default\">\n\t\t\t\t<div class=\"elementor-widget-container\">\n\t\t\t\t\t<\/div>\n\t\t\t\t<\/div>\n\t\t\t\t\t<\/div>\n\t\t\t\t<\/div>\n\t\t\t\t<\/div>","protected":false},"excerpt":{"rendered":"<p>CONT\u00c1CTANOS Atenci\u00f3n Especializada a Tu Alcance Estamos aqu\u00ed para resolver tus dudas y ofrecerte la atenci\u00f3n que necesitas. Ya sea para agendar una cita, solicitar informaci\u00f3n sobre tratamientos o conocer m\u00e1s sobre nuestros servicios, nuestro equipo est\u00e1 listo para ayudarte. Cont\u00e1ctanos y da el primer paso hacia una recuperaci\u00f3n efectiva y una vida sin limitaciones. [&hellip;]<\/p>","protected":false},"author":1,"featured_media":0,"parent":0,"menu_order":0,"comment_status":"closed","ping_status":"closed","template":"elementor_header_footer","meta":{"footnotes":""},"class_list":["post-15","page","type-page","status-publish","hentry"],"yoast_head":"<!-- This site is optimized with the Yoast SEO plugin v24.2 - https:\/\/yoast.com\/wordpress\/plugins\/seo\/ -->\n<title>CONTACTO - Dr. Aldo Izaguirre<\/title>\n<meta name=\"description\" content=\"Estamos aqu\u00ed para resolver tus dudas y ofrecerte la atenci\u00f3n que necesitas.\" \/>\n<meta name=\"robots\" content=\"index, follow, max-snippet:-1, max-image-preview:large, max-video-preview:-1\" \/>\n<link rel=\"canonical\" href=\"https:\/\/aldoizaguirre.com\/en\/contacto\/\" \/>\n<meta property=\"og:locale\" content=\"en_US\" \/>\n<meta property=\"og:type\" content=\"article\" \/>\n<meta property=\"og:title\" content=\"CONTACTO - Dr. Aldo Izaguirre\" \/>\n<meta property=\"og:description\" content=\"Estamos aqu\u00ed para resolver tus dudas y ofrecerte la atenci\u00f3n que necesitas.\" \/>\n<meta property=\"og:url\" content=\"https:\/\/aldoizaguirre.com\/en\/contacto\/\" \/>\n<meta property=\"og:site_name\" content=\"Dr. Aldo Izaguirre\" \/>\n<meta property=\"article:publisher\" content=\"https:\/\/www.facebook.com\/DrAldoIzaguirretraumatologo\" \/>\n<meta property=\"article:modified_time\" content=\"2025-01-22T20:08:43+00:00\" \/>\n<meta property=\"og:image\" content=\"https:\/\/aldoizaguirre.com\/wp-content\/plugins\/wpforms-lite\/assets\/images\/submit-spin.svg\" \/>\n<meta name=\"twitter:card\" content=\"summary_large_image\" \/>\n<meta name=\"twitter:label1\" content=\"Est. reading time\" \/>\n\t<meta name=\"twitter:data1\" content=\"1 minute\" \/>\n<script type=\"application\/ld+json\" class=\"yoast-schema-graph\">{\"@context\":\"https:\/\/schema.org\",\"@graph\":[{\"@type\":\"WebPage\",\"@id\":\"https:\/\/aldoizaguirre.com\/en\/contacto\/\",\"url\":\"https:\/\/aldoizaguirre.com\/en\/contacto\/\",\"name\":\"CONTACTO - Dr. Aldo Izaguirre\",\"isPartOf\":{\"@id\":\"https:\/\/aldoizaguirre.com\/en\/#website\"},\"primaryImageOfPage\":{\"@id\":\"https:\/\/aldoizaguirre.com\/en\/contacto\/#primaryimage\"},\"image\":{\"@id\":\"https:\/\/aldoizaguirre.com\/en\/contacto\/#primaryimage\"},\"thumbnailUrl\":\"https:\/\/aldoizaguirre.com\/wp-content\/plugins\/wpforms-lite\/assets\/images\/submit-spin.svg\",\"datePublished\":\"2024-11-26T18:23:38+00:00\",\"dateModified\":\"2025-01-22T20:08:43+00:00\",\"description\":\"Estamos aqu\u00ed para resolver tus dudas y ofrecerte la atenci\u00f3n que necesitas.\",\"breadcrumb\":{\"@id\":\"https:\/\/aldoizaguirre.com\/en\/contacto\/#breadcrumb\"},\"inLanguage\":\"en-US\",\"potentialAction\":[{\"@type\":\"ReadAction\",\"target\":[\"https:\/\/aldoizaguirre.com\/en\/contacto\/\"]}]},{\"@type\":\"ImageObject\",\"inLanguage\":\"en-US\",\"@id\":\"https:\/\/aldoizaguirre.com\/en\/contacto\/#primaryimage\",\"url\":\"https:\/\/aldoizaguirre.com\/wp-content\/plugins\/wpforms-lite\/assets\/images\/submit-spin.svg\",\"contentUrl\":\"https:\/\/aldoizaguirre.com\/wp-content\/plugins\/wpforms-lite\/assets\/images\/submit-spin.svg\"},{\"@type\":\"BreadcrumbList\",\"@id\":\"https:\/\/aldoizaguirre.com\/en\/contacto\/#breadcrumb\",\"itemListElement\":[{\"@type\":\"ListItem\",\"position\":1,\"name\":\"Inicio\",\"item\":\"https:\/\/aldoizaguirre.com\/en\/\"},{\"@type\":\"ListItem\",\"position\":2,\"name\":\"CONTACTO\"}]},{\"@type\":\"WebSite\",\"@id\":\"https:\/\/aldoizaguirre.com\/en\/#website\",\"url\":\"https:\/\/aldoizaguirre.com\/en\/\",\"name\":\"Dr. Aldo Izaguirre\",\"description\":\"\",\"publisher\":{\"@id\":\"https:\/\/aldoizaguirre.com\/en\/#organization\"},\"potentialAction\":[{\"@type\":\"SearchAction\",\"target\":{\"@type\":\"EntryPoint\",\"urlTemplate\":\"https:\/\/aldoizaguirre.com\/en\/?s={search_term_string}\"},\"query-input\":{\"@type\":\"PropertyValueSpecification\",\"valueRequired\":true,\"valueName\":\"search_term_string\"}}],\"inLanguage\":\"en-US\"},{\"@type\":\"Organization\",\"@id\":\"https:\/\/aldoizaguirre.com\/en\/#organization\",\"name\":\"Dr. Aldo Izaguirre\",\"url\":\"https:\/\/aldoizaguirre.com\/en\/\",\"logo\":{\"@type\":\"ImageObject\",\"inLanguage\":\"en-US\",\"@id\":\"https:\/\/aldoizaguirre.com\/en\/#\/schema\/logo\/image\/\",\"url\":\"https:\/\/aldoizaguirre.com\/wp-content\/uploads\/2024\/12\/logotipo.png\",\"contentUrl\":\"https:\/\/aldoizaguirre.com\/wp-content\/uploads\/2024\/12\/logotipo.png\",\"width\":950,\"height\":153,\"caption\":\"Dr. Aldo Izaguirre\"},\"image\":{\"@id\":\"https:\/\/aldoizaguirre.com\/en\/#\/schema\/logo\/image\/\"},\"sameAs\":[\"https:\/\/www.facebook.com\/DrAldoIzaguirretraumatologo\"]}]}<\/script>\n<!-- \/ Yoast SEO plugin. -->","yoast_head_json":{"title":"CONTACTO - Dr. Aldo Izaguirre","description":"We are here to answer your questions and provide you with the support you need.","robots":{"index":"index","follow":"follow","max-snippet":"max-snippet:-1","max-image-preview":"max-image-preview:large","max-video-preview":"max-video-preview:-1"},"canonical":"https:\/\/aldoizaguirre.com\/en\/contacto\/","og_locale":"en_US","og_type":"article","og_title":"CONTACTO - Dr. Aldo Izaguirre","og_description":"Estamos aqu\u00ed para resolver tus dudas y ofrecerte la atenci\u00f3n que necesitas.","og_url":"https:\/\/aldoizaguirre.com\/en\/contacto\/","og_site_name":"Dr. Aldo Izaguirre","article_publisher":"https:\/\/www.facebook.com\/DrAldoIzaguirretraumatologo","article_modified_time":"2025-01-22T20:08:43+00:00","og_image":[{"url":"https:\/\/aldoizaguirre.com\/wp-content\/plugins\/wpforms-lite\/assets\/images\/submit-spin.svg","type":"","width":"","height":""}],"twitter_card":"summary_large_image","twitter_misc":{"Est. reading time":"1 minute"},"schema":{"@context":"https:\/\/schema.org","@graph":[{"@type":"WebPage","@id":"https:\/\/aldoizaguirre.com\/en\/contacto\/","url":"https:\/\/aldoizaguirre.com\/en\/contacto\/","name":"CONTACTO - Dr. Aldo Izaguirre","isPartOf":{"@id":"https:\/\/aldoizaguirre.com\/en\/#website"},"primaryImageOfPage":{"@id":"https:\/\/aldoizaguirre.com\/en\/contacto\/#primaryimage"},"image":{"@id":"https:\/\/aldoizaguirre.com\/en\/contacto\/#primaryimage"},"thumbnailUrl":"https:\/\/aldoizaguirre.com\/wp-content\/plugins\/wpforms-lite\/assets\/images\/submit-spin.svg","datePublished":"2024-11-26T18:23:38+00:00","dateModified":"2025-01-22T20:08:43+00:00","description":"We are here to answer your questions and provide you with the support you need.","breadcrumb":{"@id":"https:\/\/aldoizaguirre.com\/en\/contacto\/#breadcrumb"},"inLanguage":"en-US","potentialAction":[{"@type":"ReadAction","target":["https:\/\/aldoizaguirre.com\/en\/contacto\/"]}]},{"@type":"ImageObject","inLanguage":"en-US","@id":"https:\/\/aldoizaguirre.com\/en\/contacto\/#primaryimage","url":"https:\/\/aldoizaguirre.com\/wp-content\/plugins\/wpforms-lite\/assets\/images\/submit-spin.svg","contentUrl":"https:\/\/aldoizaguirre.com\/wp-content\/plugins\/wpforms-lite\/assets\/images\/submit-spin.svg"},{"@type":"BreadcrumbList","@id":"https:\/\/aldoizaguirre.com\/en\/contacto\/#breadcrumb","itemListElement":[{"@type":"ListItem","position":1,"name":"Inicio","item":"https:\/\/aldoizaguirre.com\/en\/"},{"@type":"ListItem","position":2,"name":"CONTACTO"}]},{"@type":"WebSite","@id":"https:\/\/aldoizaguirre.com\/en\/#website","url":"https:\/\/aldoizaguirre.com\/en\/","name":"Dr. Aldo Izaguirre","description":"","publisher":{"@id":"https:\/\/aldoizaguirre.com\/en\/#organization"},"potentialAction":[{"@type":"SearchAction","target":{"@type":"EntryPoint","urlTemplate":"https:\/\/aldoizaguirre.com\/en\/?s={search_term_string}"},"query-input":{"@type":"PropertyValueSpecification","valueRequired":true,"valueName":"search_term_string"}}],"inLanguage":"en-US"},{"@type":"Organization","@id":"https:\/\/aldoizaguirre.com\/en\/#organization","name":"Dr. Aldo Izaguirre","url":"https:\/\/aldoizaguirre.com\/en\/","logo":{"@type":"ImageObject","inLanguage":"en-US","@id":"https:\/\/aldoizaguirre.com\/en\/#\/schema\/logo\/image\/","url":"https:\/\/aldoizaguirre.com\/wp-content\/uploads\/2024\/12\/logotipo.png","contentUrl":"https:\/\/aldoizaguirre.com\/wp-content\/uploads\/2024\/12\/logotipo.png","width":950,"height":153,"caption":"Dr. Aldo Izaguirre"},"image":{"@id":"https:\/\/aldoizaguirre.com\/en\/#\/schema\/logo\/image\/"},"sameAs":["https:\/\/www.facebook.com\/DrAldoIzaguirretraumatologo"]}]}},"rttpg_featured_image_url":null,"rttpg_author":{"display_name":"planning","author_link":"https:\/\/aldoizaguirre.com\/en\/author\/planning\/"},"rttpg_comment":0,"rttpg_category":null,"rttpg_excerpt":"CONT\u00c1CTANOS Atenci\u00f3n Especializada a Tu Alcance Estamos aqu\u00ed para resolver tus dudas y ofrecerte la atenci\u00f3n que necesitas. Ya sea para agendar una cita, solicitar informaci\u00f3n sobre tratamientos o conocer m\u00e1s sobre nuestros servicios, nuestro equipo est\u00e1 listo para ayudarte. Cont\u00e1ctanos y da el primer paso hacia una recuperaci\u00f3n efectiva y una vida sin limitaciones.&hellip;","_links":{"self":[{"href":"https:\/\/aldoizaguirre.com\/en\/wp-json\/wp\/v2\/pages\/15","targetHints":{"allow":["GET"]}}],"collection":[{"href":"https:\/\/aldoizaguirre.com\/en\/wp-json\/wp\/v2\/pages"}],"about":[{"href":"https:\/\/aldoizaguirre.com\/en\/wp-json\/wp\/v2\/types\/page"}],"author":[{"embeddable":true,"href":"https:\/\/aldoizaguirre.com\/en\/wp-json\/wp\/v2\/users\/1"}],"replies":[{"embeddable":true,"href":"https:\/\/aldoizaguirre.com\/en\/wp-json\/wp\/v2\/comments?post=15"}],"version-history":[{"count":70,"href":"https:\/\/aldoizaguirre.com\/en\/wp-json\/wp\/v2\/pages\/15\/revisions"}],"predecessor-version":[{"id":963,"href":"https:\/\/aldoizaguirre.com\/en\/wp-json\/wp\/v2\/pages\/15\/revisions\/963"}],"wp:attachment":[{"href":"https:\/\/aldoizaguirre.com\/en\/wp-json\/wp\/v2\/media?parent=15"}],"curies":[{"name":"wp","href":"https:\/\/api.w.org\/{rel}","templated":true}]}}