{"id":11,"date":"2024-11-26T18:22:46","date_gmt":"2024-11-26T18:22:46","guid":{"rendered":"https:\/\/aldoizaguirre.com\/?page_id=11"},"modified":"2025-01-29T15:34:45","modified_gmt":"2025-01-29T15:34:45","slug":"servicios","status":"publish","type":"page","link":"https:\/\/aldoizaguirre.com\/en\/servicios\/","title":{"rendered":"SERVICES"},"content":{"rendered":"<div data-elementor-type=\"wp-page\" data-elementor-id=\"11\" class=\"elementor elementor-11\">\n\t\t\t\t<div class=\"elementor-element elementor-element-53c0c117 banners e-flex e-con-boxed e-con e-parent\" data-id=\"53c0c117\" data-element_type=\"container\" data-settings=\"{&quot;background_background&quot;:&quot;classic&quot;}\">\n\t\t\t\t\t<div class=\"e-con-inner\">\n\t\t<div class=\"elementor-element elementor-element-6b59d83c e-con-full e-flex e-con e-child\" data-id=\"6b59d83c\" data-element_type=\"container\">\n\t\t\t\t<div class=\"elementor-element elementor-element-3f6f94a6 elementor-widget elementor-widget-heading\" data-id=\"3f6f94a6\" data-element_type=\"widget\" data-widget_type=\"heading.default\">\n\t\t\t\t<div class=\"elementor-widget-container\">\n\t\t\t<h2 class=\"elementor-heading-title elementor-size-default\">Services<\/h2>\t\t<\/div>\n\t\t\t\t<\/div>\n\t\t\t\t<div class=\"elementor-element elementor-element-4716b78 elementor-widget elementor-widget-text-editor\" data-id=\"4716b78\" data-element_type=\"widget\" data-widget_type=\"text-editor.default\">\n\t\t\t\t<div class=\"elementor-widget-container\">\n\t\t\t\t\t\t\t<p>We offer a comprehensive approach to sports orthopedics, featuring specialized injury assessments, advanced surgical procedures, and personalized follow-up care to ensure an effective and complete recovery.<\/p>\t\t\t\t\t\t<\/div>\n\t\t\t\t<\/div>\n\t\t\t\t<\/div>\n\t\t<div class=\"elementor-element elementor-element-5972fc76 e-con-full e-flex e-con e-child\" data-id=\"5972fc76\" data-element_type=\"container\">\n\t\t\t\t<\/div>\n\t\t\t\t\t<\/div>\n\t\t\t\t<\/div>\n\t\t<div class=\"elementor-element elementor-element-331d3f7 e-flex e-con-boxed e-con e-parent\" data-id=\"331d3f7\" data-element_type=\"container\" data-settings=\"{&quot;background_background&quot;:&quot;gradient&quot;}\">\n\t\t\t\t\t<div class=\"e-con-inner\">\n\t\t<div class=\"elementor-element elementor-element-87b7ef4 e-con-full e-flex e-con e-child\" data-id=\"87b7ef4\" data-element_type=\"container\">\n\t\t\t\t<div class=\"elementor-element elementor-element-50bd1e7 elementor-hidden-mobile elementor-widget elementor-widget-image\" data-id=\"50bd1e7\" data-element_type=\"widget\" data-widget_type=\"image.default\">\n\t\t\t\t<div class=\"elementor-widget-container\">\n\t\t\t\t\t\t\t\t\t\t\t\t\t<img fetchpriority=\"high\" decoding=\"async\" width=\"580\" height=\"789\" src=\"https:\/\/aldoizaguirre.com\/wp-content\/uploads\/2025\/01\/evaluacion-de-pacientes.png\" class=\"attachment-medium_large size-medium_large wp-image-583\" alt=\"\" \/>\t\t\t\t\t\t\t\t\t\t\t\t\t<\/div>\n\t\t\t\t<\/div>\n\t\t\t\t<\/div>\n\t\t<div class=\"elementor-element elementor-element-6871ddb e-con-full e-flex e-con e-child\" data-id=\"6871ddb\" data-element_type=\"container\">\n\t\t\t\t<div class=\"elementor-element elementor-element-dfb5dff elementor-widget elementor-widget-heading\" data-id=\"dfb5dff\" data-element_type=\"widget\" data-widget_type=\"heading.default\">\n\t\t\t\t<div class=\"elementor-widget-container\">\n\t\t\t<h1 class=\"elementor-heading-title elementor-size-default\">Patient Evaluation<\/h1>\t\t<\/div>\n\t\t\t\t<\/div>\n\t\t\t\t<div class=\"elementor-element elementor-element-de99d13 elementor-widget elementor-widget-text-editor\" data-id=\"de99d13\" data-element_type=\"widget\" data-widget_type=\"text-editor.default\">\n\t\t\t\t<div class=\"elementor-widget-container\">\n\t\t\t\t\t\t\t<p><span style=\"font-weight: 400;\">Patient evaluation is the first step toward high-quality, specialized medical care. By assessing injuries, we can accurately diagnose musculoskeletal conditions, with a particular focus on sports orthopedics and arthroscopy.<\/span><\/p><p><span style=\"font-weight: 400;\">Through a comprehensive and personalized assessment, we aim to thoroughly understand each patient's needs. This process sets the foundation for an effective treatment plan that promotes optimal recovery and a safe return to daily activities or sports.<\/span><\/p>\t\t\t\t\t\t<\/div>\n\t\t\t\t<\/div>\n\t\t\t\t<div class=\"elementor-element elementor-element-15eed83 elementor-hidden-desktop elementor-hidden-tablet elementor-widget elementor-widget-image\" data-id=\"15eed83\" data-element_type=\"widget\" data-widget_type=\"image.default\">\n\t\t\t\t<div class=\"elementor-widget-container\">\n\t\t\t\t\t\t\t\t\t\t\t\t\t<img fetchpriority=\"high\" decoding=\"async\" width=\"580\" height=\"789\" src=\"https:\/\/aldoizaguirre.com\/wp-content\/uploads\/2025\/01\/evaluacion-de-pacientes.png\" class=\"attachment-medium_large size-medium_large wp-image-583\" alt=\"\" \/>\t\t\t\t\t\t\t\t\t\t\t\t\t<\/div>\n\t\t\t\t<\/div>\n\t\t\t\t<\/div>\n\t\t\t\t\t<\/div>\n\t\t\t\t<\/div>\n\t\t<div class=\"elementor-element elementor-element-785ab5a e-flex e-con-boxed e-con e-parent\" data-id=\"785ab5a\" data-element_type=\"container\">\n\t\t\t\t\t<div class=\"e-con-inner\">\n\t\t<div class=\"elementor-element elementor-element-e9d5a69 e-con-full e-flex e-con e-child\" data-id=\"e9d5a69\" data-element_type=\"container\">\n\t\t\t\t<div class=\"elementor-element elementor-element-115b7aa elementor-widget elementor-widget-image\" data-id=\"115b7aa\" data-element_type=\"widget\" data-widget_type=\"image.default\">\n\t\t\t\t<div class=\"elementor-widget-container\">\n\t\t\t\t\t\t\t\t\t\t\t\t\t<img decoding=\"async\" width=\"580\" height=\"364\" src=\"https:\/\/aldoizaguirre.com\/wp-content\/uploads\/2025\/01\/rodilla-tratamientos-1024x643.jpg\" class=\"attachment-large size-large wp-image-550\" alt=\"\" \/>\t\t\t\t\t\t\t\t\t\t\t\t\t<\/div>\n\t\t\t\t<\/div>\n\t\t\t\t<\/div>\n\t\t<div class=\"elementor-element elementor-element-35a6c54 e-con-full e-flex e-con e-child\" data-id=\"35a6c54\" data-element_type=\"container\">\n\t\t\t\t<div class=\"elementor-element elementor-element-ad9b1df elementor-widget elementor-widget-heading\" data-id=\"ad9b1df\" data-element_type=\"widget\" data-widget_type=\"heading.default\">\n\t\t\t\t<div class=\"elementor-widget-container\">\n\t\t\t<h1 class=\"elementor-heading-title elementor-size-default\">Knee Procedures<\/h1>\t\t<\/div>\n\t\t\t\t<\/div>\n\t\t\t\t<div class=\"elementor-element elementor-element-edea6a2 elementor-widget elementor-widget-text-editor\" data-id=\"edea6a2\" data-element_type=\"widget\" data-widget_type=\"text-editor.default\">\n\t\t\t\t<div class=\"elementor-widget-container\">\n\t\t\t\t\t\t\t<ul><li><span style=\"font-weight: 400;\">Non-surgical treatment of knee conditions and injuries.<\/span><\/li><li><span style=\"font-weight: 400;\">Ultrasound-guided infiltrations<\/span><\/li><li><span style=\"font-weight: 400;\">Knee arthroscopy<\/span><\/li><li><span style=\"font-weight: 400;\">Anterior cruciate ligament reconstruction, posterior cruciate ligament reconstruction, posterolateral corner reconstruction.<\/span><\/li><li><span style=\"font-weight: 400;\">Patellofemoral ligament reconstruction by arthroscopy<\/span><\/li><li><span style=\"font-weight: 400;\">Osteochondral transplant<\/span><\/li><li><span style=\"font-weight: 400;\">Meniscus transplant<\/span><\/li><li><span style=\"font-weight: 400;\">Knee alignment osteotomy<\/span><\/li><li><span style=\"font-weight: 400;\">Total knee replacement or total knee arthroplasty<\/span><\/li><\/ul>\t\t\t\t\t\t<\/div>\n\t\t\t\t<\/div>\n\t\t\t\t<\/div>\n\t\t\t\t\t<\/div>\n\t\t\t\t<\/div>\n\t\t<div class=\"elementor-element elementor-element-8429c4e e-flex e-con-boxed e-con e-parent\" data-id=\"8429c4e\" data-element_type=\"container\">\n\t\t\t\t\t<div class=\"e-con-inner\">\n\t\t<div class=\"elementor-element elementor-element-b16513b e-con-full e-flex e-con e-child\" data-id=\"b16513b\" data-element_type=\"container\">\n\t\t\t\t<div class=\"elementor-element elementor-element-4451f40 elementor-hidden-desktop elementor-hidden-tablet elementor-widget elementor-widget-image\" data-id=\"4451f40\" data-element_type=\"widget\" data-widget_type=\"image.default\">\n\t\t\t\t<div class=\"elementor-widget-container\">\n\t\t\t\t\t\t\t\t\t\t\t\t\t<img decoding=\"async\" width=\"580\" height=\"364\" src=\"https:\/\/aldoizaguirre.com\/wp-content\/uploads\/2025\/01\/hombro-tratamientos-1024x643.jpg\" class=\"attachment-large size-large wp-image-551\" alt=\"\" \/>\t\t\t\t\t\t\t\t\t\t\t\t\t<\/div>\n\t\t\t\t<\/div>\n\t\t\t\t<div class=\"elementor-element elementor-element-cbf7c8b elementor-widget elementor-widget-heading\" data-id=\"cbf7c8b\" data-element_type=\"widget\" data-widget_type=\"heading.default\">\n\t\t\t\t<div class=\"elementor-widget-container\">\n\t\t\t<h3 class=\"elementor-heading-title elementor-size-default\">Shoulder Procedures<\/h3>\t\t<\/div>\n\t\t\t\t<\/div>\n\t\t\t\t<div class=\"elementor-element elementor-element-07d8197 elementor-widget elementor-widget-text-editor\" data-id=\"07d8197\" data-element_type=\"widget\" data-widget_type=\"text-editor.default\">\n\t\t\t\t<div class=\"elementor-widget-container\">\n\t\t\t\t\t\t\t<ul><li><span style=\"font-weight: 400;\">Non-surgical treatment of shoulder conditions and injuries.<\/span><\/li><li><span style=\"font-weight: 400;\">Ultrasound-guided infiltrations<\/span><\/li><li><span style=\"font-weight: 400;\">Subacromial decompression by arthroscopy<\/span><\/li><li><span style=\"font-weight: 400;\">Rotator cuff repair by arthroscopy<\/span><\/li><li><span style=\"font-weight: 400;\">Glenohumeral stabilization (Bankart by arthroscopy)<\/span><\/li><li><span style=\"font-weight: 400;\">Glenohumeral stabilization (open Bankart and Latarjet procedure)<\/span><\/li><li><span style=\"font-weight: 400;\">Arthroscopic release of frozen shoulder<\/span><\/li><li><span style=\"font-weight: 400;\">Treatment of glenohumeral osteoarthritis by arthroscopy.<\/span><\/li><li><span style=\"font-weight: 400;\">Total shoulder replacement<\/span><\/li><li><span style=\"font-weight: 400;\">Reverse anatomy shoulder prosthesis<\/span><\/li><\/ul>\t\t\t\t\t\t<\/div>\n\t\t\t\t<\/div>\n\t\t\t\t<\/div>\n\t\t<div class=\"elementor-element elementor-element-ce7b55f e-con-full e-flex e-con e-child\" data-id=\"ce7b55f\" data-element_type=\"container\">\n\t\t\t\t<div class=\"elementor-element elementor-element-43ab36a elementor-hidden-mobile elementor-widget elementor-widget-image\" data-id=\"43ab36a\" data-element_type=\"widget\" data-widget_type=\"image.default\">\n\t\t\t\t<div class=\"elementor-widget-container\">\n\t\t\t\t\t\t\t\t\t\t\t\t\t<img decoding=\"async\" width=\"580\" height=\"364\" src=\"https:\/\/aldoizaguirre.com\/wp-content\/uploads\/2025\/01\/hombro-tratamientos-1024x643.jpg\" class=\"attachment-large size-large wp-image-551\" alt=\"\" \/>\t\t\t\t\t\t\t\t\t\t\t\t\t<\/div>\n\t\t\t\t<\/div>\n\t\t\t\t<\/div>\n\t\t\t\t\t<\/div>\n\t\t\t\t<\/div>\n\t\t<div class=\"elementor-element elementor-element-9999fbd e-flex e-con-boxed e-con e-parent\" data-id=\"9999fbd\" data-element_type=\"container\">\n\t\t\t\t\t<div class=\"e-con-inner\">\n\t\t<div class=\"elementor-element elementor-element-7a4f7dc e-con-full e-flex e-con e-child\" data-id=\"7a4f7dc\" data-element_type=\"container\">\n\t\t\t\t<div class=\"elementor-element elementor-element-4633b9d elementor-widget elementor-widget-image\" data-id=\"4633b9d\" data-element_type=\"widget\" data-widget_type=\"image.default\">\n\t\t\t\t<div class=\"elementor-widget-container\">\n\t\t\t\t\t\t\t\t\t\t\t\t\t<img loading=\"lazy\" decoding=\"async\" width=\"580\" height=\"364\" src=\"https:\/\/aldoizaguirre.com\/wp-content\/uploads\/2025\/01\/cadera-tratamientos-1024x643.jpg\" class=\"attachment-large size-large wp-image-555\" alt=\"\" \/>\t\t\t\t\t\t\t\t\t\t\t\t\t<\/div>\n\t\t\t\t<\/div>\n\t\t\t\t<\/div>\n\t\t<div class=\"elementor-element elementor-element-00d559c e-con-full e-flex e-con e-child\" data-id=\"00d559c\" data-element_type=\"container\">\n\t\t\t\t<div class=\"elementor-element elementor-element-de06c2a elementor-widget elementor-widget-heading\" data-id=\"de06c2a\" data-element_type=\"widget\" data-widget_type=\"heading.default\">\n\t\t\t\t<div class=\"elementor-widget-container\">\n\t\t\t<h3 class=\"elementor-heading-title elementor-size-default\">Hip Procedures<\/h3>\t\t<\/div>\n\t\t\t\t<\/div>\n\t\t\t\t<div class=\"elementor-element elementor-element-dd22516 elementor-widget elementor-widget-text-editor\" data-id=\"dd22516\" data-element_type=\"widget\" data-widget_type=\"text-editor.default\">\n\t\t\t\t<div class=\"elementor-widget-container\">\n\t\t\t\t\t\t\t<ul><li><span style=\"font-weight: 400;\">Non-surgical treatment of hip conditions and injuries.<\/span><\/li><li><span style=\"font-weight: 400;\">Ultrasound-guided infiltrations<\/span><\/li><li><span style=\"font-weight: 400;\">Hip arthroscopy<\/span><\/li><li><span style=\"font-weight: 400;\">Labral repair<\/span><\/li><li><span style=\"font-weight: 400;\">Femoroacetabular impingement correction<\/span><\/li><li><span style=\"font-weight: 400;\">Hamstring tendon repair<\/span><\/li><li><span style=\"font-weight: 400;\">Arthroscopic repair of the gluteus medius<\/span><\/li><li><span style=\"font-weight: 400;\">Endoscopic sciatic nerve release (piriformis tendon release)<\/span><\/li><li><span style=\"font-weight: 400;\">Release <\/span><\/li><li><span style=\"font-weight: 400;\">Total hip replacement<\/span><\/li><\/ul>\t\t\t\t\t\t<\/div>\n\t\t\t\t<\/div>\n\t\t\t\t<\/div>\n\t\t\t\t\t<\/div>\n\t\t\t\t<\/div>\n\t\t<div class=\"elementor-element elementor-element-ca1ae27 e-flex e-con-boxed e-con e-parent\" data-id=\"ca1ae27\" data-element_type=\"container\" data-settings=\"{&quot;background_background&quot;:&quot;classic&quot;}\">\n\t\t\t\t\t<div class=\"e-con-inner\">\n\t\t<div class=\"elementor-element elementor-element-df62c7e e-con-full e-flex e-con e-child\" data-id=\"df62c7e\" data-element_type=\"container\">\n\t\t\t\t<div class=\"elementor-element elementor-element-7ab7402 elementor-widget elementor-widget-heading\" data-id=\"7ab7402\" data-element_type=\"widget\" data-widget_type=\"heading.default\">\n\t\t\t\t<div class=\"elementor-widget-container\">\n\t\t\t<h3 class=\"elementor-heading-title elementor-size-default\">Rehabilitation and Treatments<\/h3>\t\t<\/div>\n\t\t\t\t<\/div>\n\t\t\t\t<div class=\"elementor-element elementor-element-bff9ee2 elementor-widget elementor-widget-text-editor\" data-id=\"bff9ee2\" data-element_type=\"widget\" data-widget_type=\"text-editor.default\">\n\t\t\t\t<div class=\"elementor-widget-container\">\n\t\t\t\t\t\t\t<p><span style=\"font-weight: 400;\">Rehabilitation care is comprehensively coordinated with Rehabilitation Physicians and Physical Therapists with diverse areas of expertise:<\/span><\/p><ul><li><span style=\"font-weight: 400;\"> Sports Rehabilitation.<\/span><\/li><li><span style=\"font-weight: 400;\">Fracture Rehabilitation <\/span><span style=\"font-weight: 400;\">Knee fractures<\/span><\/li><li><span style=\"font-weight: 400;\">Geriatric Rehabilitation.<\/span><\/li><\/ul>\t\t\t\t\t\t<\/div>\n\t\t\t\t<\/div>\n\t\t\t\t<\/div>\n\t\t<div class=\"elementor-element elementor-element-5760b3b e-con-full e-flex e-con e-child\" data-id=\"5760b3b\" data-element_type=\"container\">\n\t\t\t\t<div class=\"elementor-element elementor-element-4f0a397 elementor-widget elementor-widget-image\" data-id=\"4f0a397\" data-element_type=\"widget\" data-widget_type=\"image.default\">\n\t\t\t\t<div class=\"elementor-widget-container\">\n\t\t\t\t\t\t\t\t\t\t\t\t\t<img loading=\"lazy\" decoding=\"async\" width=\"580\" height=\"386\" src=\"https:\/\/aldoizaguirre.com\/wp-content\/uploads\/2025\/01\/rehabilitacion-1024x681.jpg\" class=\"attachment-large size-large wp-image-568\" alt=\"\" \/>\t\t\t\t\t\t\t\t\t\t\t\t\t<\/div>\n\t\t\t\t<\/div>\n\t\t\t\t<\/div>\n\t\t\t\t\t<\/div>\n\t\t\t\t<\/div>\n\t\t\t\t<\/div>","protected":false},"excerpt":{"rendered":"<p>Servicios Ofrecemos un enfoque integral en ortopedia del deporte, con servicios especializados en evaluaci\u00f3n de lesiones, procedimientos quir\u00fargicos avanzados y seguimiento personalizado para garantizar una rehabilitaci\u00f3n efectiva y completa. Evaluaci\u00f3n La evaluaci\u00f3n a pacientes es el primer paso hacia una atenci\u00f3n m\u00e9dica especializada y de calidad. Mediante la evaluaci\u00f3n de lesiones, podemos diagnosticar con precisi\u00f3n [&hellip;]<\/p>","protected":false},"author":1,"featured_media":0,"parent":0,"menu_order":0,"comment_status":"closed","ping_status":"closed","template":"elementor_header_footer","meta":{"footnotes":""},"class_list":["post-11","page","type-page","status-publish","hentry"],"yoast_head":"<!-- This site is optimized with the Yoast SEO plugin v24.2 - https:\/\/yoast.com\/wordpress\/plugins\/seo\/ -->\n<title>SERVICIOS - Dr. Aldo Izaguirre<\/title>\n<meta name=\"description\" content=\"Mediante la evaluaci\u00f3n de lesiones, podemos diagnosticar con precisi\u00f3n lesiones musculoesquel\u00e9ticas\" \/>\n<meta name=\"robots\" content=\"index, follow, max-snippet:-1, max-image-preview:large, max-video-preview:-1\" \/>\n<link rel=\"canonical\" href=\"https:\/\/aldoizaguirre.com\/en\/servicios\/\" \/>\n<meta property=\"og:locale\" content=\"en_US\" \/>\n<meta property=\"og:type\" content=\"article\" \/>\n<meta property=\"og:title\" content=\"SERVICIOS - Dr. Aldo Izaguirre\" \/>\n<meta property=\"og:description\" content=\"Mediante la evaluaci\u00f3n de lesiones, podemos diagnosticar con precisi\u00f3n lesiones musculoesquel\u00e9ticas\" \/>\n<meta property=\"og:url\" content=\"https:\/\/aldoizaguirre.com\/en\/servicios\/\" \/>\n<meta property=\"og:site_name\" content=\"Dr. Aldo Izaguirre\" \/>\n<meta property=\"article:publisher\" content=\"https:\/\/www.facebook.com\/DrAldoIzaguirretraumatologo\" \/>\n<meta property=\"article:modified_time\" content=\"2025-01-29T15:34:45+00:00\" \/>\n<meta property=\"og:image\" content=\"https:\/\/aldoizaguirre.com\/wp-content\/uploads\/2025\/01\/evaluacion-de-pacientes.png\" \/>\n<meta name=\"twitter:card\" content=\"summary_large_image\" \/>\n<meta name=\"twitter:label1\" content=\"Est. reading time\" \/>\n\t<meta name=\"twitter:data1\" content=\"3 minutes\" \/>\n<script type=\"application\/ld+json\" class=\"yoast-schema-graph\">{\"@context\":\"https:\/\/schema.org\",\"@graph\":[{\"@type\":\"WebPage\",\"@id\":\"https:\/\/aldoizaguirre.com\/en\/servicios\/\",\"url\":\"https:\/\/aldoizaguirre.com\/en\/servicios\/\",\"name\":\"SERVICIOS - Dr. Aldo Izaguirre\",\"isPartOf\":{\"@id\":\"https:\/\/aldoizaguirre.com\/en\/#website\"},\"primaryImageOfPage\":{\"@id\":\"https:\/\/aldoizaguirre.com\/en\/servicios\/#primaryimage\"},\"image\":{\"@id\":\"https:\/\/aldoizaguirre.com\/en\/servicios\/#primaryimage\"},\"thumbnailUrl\":\"https:\/\/aldoizaguirre.com\/wp-content\/uploads\/2025\/01\/evaluacion-de-pacientes.png\",\"datePublished\":\"2024-11-26T18:22:46+00:00\",\"dateModified\":\"2025-01-29T15:34:45+00:00\",\"description\":\"Mediante la evaluaci\u00f3n de lesiones, podemos diagnosticar con precisi\u00f3n lesiones musculoesquel\u00e9ticas\",\"breadcrumb\":{\"@id\":\"https:\/\/aldoizaguirre.com\/en\/servicios\/#breadcrumb\"},\"inLanguage\":\"en-US\",\"potentialAction\":[{\"@type\":\"ReadAction\",\"target\":[\"https:\/\/aldoizaguirre.com\/en\/servicios\/\"]}]},{\"@type\":\"ImageObject\",\"inLanguage\":\"en-US\",\"@id\":\"https:\/\/aldoizaguirre.com\/en\/servicios\/#primaryimage\",\"url\":\"https:\/\/aldoizaguirre.com\/wp-content\/uploads\/2025\/01\/evaluacion-de-pacientes.png\",\"contentUrl\":\"https:\/\/aldoizaguirre.com\/wp-content\/uploads\/2025\/01\/evaluacion-de-pacientes.png\"},{\"@type\":\"BreadcrumbList\",\"@id\":\"https:\/\/aldoizaguirre.com\/en\/servicios\/#breadcrumb\",\"itemListElement\":[{\"@type\":\"ListItem\",\"position\":1,\"name\":\"Inicio\",\"item\":\"https:\/\/aldoizaguirre.com\/en\/\"},{\"@type\":\"ListItem\",\"position\":2,\"name\":\"SERVICIOS\"}]},{\"@type\":\"WebSite\",\"@id\":\"https:\/\/aldoizaguirre.com\/en\/#website\",\"url\":\"https:\/\/aldoizaguirre.com\/en\/\",\"name\":\"Dr. Aldo Izaguirre\",\"description\":\"\",\"publisher\":{\"@id\":\"https:\/\/aldoizaguirre.com\/en\/#organization\"},\"potentialAction\":[{\"@type\":\"SearchAction\",\"target\":{\"@type\":\"EntryPoint\",\"urlTemplate\":\"https:\/\/aldoizaguirre.com\/en\/?s={search_term_string}\"},\"query-input\":{\"@type\":\"PropertyValueSpecification\",\"valueRequired\":true,\"valueName\":\"search_term_string\"}}],\"inLanguage\":\"en-US\"},{\"@type\":\"Organization\",\"@id\":\"https:\/\/aldoizaguirre.com\/en\/#organization\",\"name\":\"Dr. Aldo Izaguirre\",\"url\":\"https:\/\/aldoizaguirre.com\/en\/\",\"logo\":{\"@type\":\"ImageObject\",\"inLanguage\":\"en-US\",\"@id\":\"https:\/\/aldoizaguirre.com\/en\/#\/schema\/logo\/image\/\",\"url\":\"https:\/\/aldoizaguirre.com\/wp-content\/uploads\/2024\/12\/logotipo.png\",\"contentUrl\":\"https:\/\/aldoizaguirre.com\/wp-content\/uploads\/2024\/12\/logotipo.png\",\"width\":950,\"height\":153,\"caption\":\"Dr. Aldo Izaguirre\"},\"image\":{\"@id\":\"https:\/\/aldoizaguirre.com\/en\/#\/schema\/logo\/image\/\"},\"sameAs\":[\"https:\/\/www.facebook.com\/DrAldoIzaguirretraumatologo\"]}]}<\/script>\n<!-- \/ Yoast SEO plugin. -->","yoast_head_json":{"title":"SERVICIOS - Dr. Aldo Izaguirre","description":"Mediante la evaluaci\u00f3n de lesiones, podemos diagnosticar con precisi\u00f3n lesiones musculoesquel\u00e9ticas","robots":{"index":"index","follow":"follow","max-snippet":"max-snippet:-1","max-image-preview":"max-image-preview:large","max-video-preview":"max-video-preview:-1"},"canonical":"https:\/\/aldoizaguirre.com\/en\/servicios\/","og_locale":"en_US","og_type":"article","og_title":"SERVICIOS - Dr. Aldo Izaguirre","og_description":"Mediante la evaluaci\u00f3n de lesiones, podemos diagnosticar con precisi\u00f3n lesiones musculoesquel\u00e9ticas","og_url":"https:\/\/aldoizaguirre.com\/en\/servicios\/","og_site_name":"Dr. Aldo Izaguirre","article_publisher":"https:\/\/www.facebook.com\/DrAldoIzaguirretraumatologo","article_modified_time":"2025-01-29T15:34:45+00:00","og_image":[{"url":"https:\/\/aldoizaguirre.com\/wp-content\/uploads\/2025\/01\/evaluacion-de-pacientes.png","type":"","width":"","height":""}],"twitter_card":"summary_large_image","twitter_misc":{"Est. reading time":"3 minutes"},"schema":{"@context":"https:\/\/schema.org","@graph":[{"@type":"WebPage","@id":"https:\/\/aldoizaguirre.com\/en\/servicios\/","url":"https:\/\/aldoizaguirre.com\/en\/servicios\/","name":"SERVICIOS - Dr. Aldo Izaguirre","isPartOf":{"@id":"https:\/\/aldoizaguirre.com\/en\/#website"},"primaryImageOfPage":{"@id":"https:\/\/aldoizaguirre.com\/en\/servicios\/#primaryimage"},"image":{"@id":"https:\/\/aldoizaguirre.com\/en\/servicios\/#primaryimage"},"thumbnailUrl":"https:\/\/aldoizaguirre.com\/wp-content\/uploads\/2025\/01\/evaluacion-de-pacientes.png","datePublished":"2024-11-26T18:22:46+00:00","dateModified":"2025-01-29T15:34:45+00:00","description":"Mediante la evaluaci\u00f3n de lesiones, podemos diagnosticar con precisi\u00f3n lesiones musculoesquel\u00e9ticas","breadcrumb":{"@id":"https:\/\/aldoizaguirre.com\/en\/servicios\/#breadcrumb"},"inLanguage":"en-US","potentialAction":[{"@type":"ReadAction","target":["https:\/\/aldoizaguirre.com\/en\/servicios\/"]}]},{"@type":"ImageObject","inLanguage":"en-US","@id":"https:\/\/aldoizaguirre.com\/en\/servicios\/#primaryimage","url":"https:\/\/aldoizaguirre.com\/wp-content\/uploads\/2025\/01\/evaluacion-de-pacientes.png","contentUrl":"https:\/\/aldoizaguirre.com\/wp-content\/uploads\/2025\/01\/evaluacion-de-pacientes.png"},{"@type":"BreadcrumbList","@id":"https:\/\/aldoizaguirre.com\/en\/servicios\/#breadcrumb","itemListElement":[{"@type":"ListItem","position":1,"name":"Inicio","item":"https:\/\/aldoizaguirre.com\/en\/"},{"@type":"ListItem","position":2,"name":"SERVICIOS"}]},{"@type":"WebSite","@id":"https:\/\/aldoizaguirre.com\/en\/#website","url":"https:\/\/aldoizaguirre.com\/en\/","name":"Dr. Aldo Izaguirre","description":"","publisher":{"@id":"https:\/\/aldoizaguirre.com\/en\/#organization"},"potentialAction":[{"@type":"SearchAction","target":{"@type":"EntryPoint","urlTemplate":"https:\/\/aldoizaguirre.com\/en\/?s={search_term_string}"},"query-input":{"@type":"PropertyValueSpecification","valueRequired":true,"valueName":"search_term_string"}}],"inLanguage":"en-US"},{"@type":"Organization","@id":"https:\/\/aldoizaguirre.com\/en\/#organization","name":"Dr. Aldo Izaguirre","url":"https:\/\/aldoizaguirre.com\/en\/","logo":{"@type":"ImageObject","inLanguage":"en-US","@id":"https:\/\/aldoizaguirre.com\/en\/#\/schema\/logo\/image\/","url":"https:\/\/aldoizaguirre.com\/wp-content\/uploads\/2024\/12\/logotipo.png","contentUrl":"https:\/\/aldoizaguirre.com\/wp-content\/uploads\/2024\/12\/logotipo.png","width":950,"height":153,"caption":"Dr. Aldo Izaguirre"},"image":{"@id":"https:\/\/aldoizaguirre.com\/en\/#\/schema\/logo\/image\/"},"sameAs":["https:\/\/www.facebook.com\/DrAldoIzaguirretraumatologo"]}]}},"rttpg_featured_image_url":null,"rttpg_author":{"display_name":"planning","author_link":"https:\/\/aldoizaguirre.com\/en\/author\/planning\/"},"rttpg_comment":0,"rttpg_category":null,"rttpg_excerpt":"Servicios Ofrecemos un enfoque integral en ortopedia del deporte, con servicios especializados en evaluaci\u00f3n de lesiones, procedimientos quir\u00fargicos avanzados y seguimiento personalizado para garantizar una rehabilitaci\u00f3n efectiva y completa. Evaluaci\u00f3n La evaluaci\u00f3n a pacientes es el primer paso hacia una atenci\u00f3n m\u00e9dica especializada y de calidad. Mediante la evaluaci\u00f3n de lesiones, podemos diagnosticar con precisi\u00f3n&hellip;","_links":{"self":[{"href":"https:\/\/aldoizaguirre.com\/en\/wp-json\/wp\/v2\/pages\/11","targetHints":{"allow":["GET"]}}],"collection":[{"href":"https:\/\/aldoizaguirre.com\/en\/wp-json\/wp\/v2\/pages"}],"about":[{"href":"https:\/\/aldoizaguirre.com\/en\/wp-json\/wp\/v2\/types\/page"}],"author":[{"embeddable":true,"href":"https:\/\/aldoizaguirre.com\/en\/wp-json\/wp\/v2\/users\/1"}],"replies":[{"embeddable":true,"href":"https:\/\/aldoizaguirre.com\/en\/wp-json\/wp\/v2\/comments?post=11"}],"version-history":[{"count":94,"href":"https:\/\/aldoizaguirre.com\/en\/wp-json\/wp\/v2\/pages\/11\/revisions"}],"predecessor-version":[{"id":983,"href":"https:\/\/aldoizaguirre.com\/en\/wp-json\/wp\/v2\/pages\/11\/revisions\/983"}],"wp:attachment":[{"href":"https:\/\/aldoizaguirre.com\/en\/wp-json\/wp\/v2\/media?parent=11"}],"curies":[{"name":"wp","href":"https:\/\/api.w.org\/{rel}","templated":true}]}}